{"id":2272,"date":"2019-06-07T10:46:02","date_gmt":"2019-06-07T03:46:02","guid":{"rendered":"https:\/\/thanhdosg.com\/recruitment\/"},"modified":"2019-06-07T10:46:02","modified_gmt":"2019-06-07T03:46:02","slug":"recruitment","status":"publish","type":"page","link":"https:\/\/thanhdosg.com\/en\/recruitment\/","title":{"rendered":"Recruitment"},"content":{"rendered":"\n  <div class=\"banner has-hover has-video hide-for-medium\" id=\"banner-2003185305\">\n          <div class=\"banner-inner fill\">\n        <div class=\"banner-bg fill\" >\n            <div class=\"bg fill bg-fill \"><\/div>\n            \t<div class=\"video-overlay no-click fill hide-for-medium\"><\/div>\n\t<video class=\"video-bg fill hide-for-medium\" preload playsinline autoplay\n\t\tmuted\t\tloop>\n\t\t<source src=\"\/wp-content\/uploads\/2019\/09\/Lua-trai-trai-KDL-Thanh-Do-An-Giang.mp4\" type=\"video\/mp4\">\t<\/video>\n            <div class=\"overlay\"><\/div>            \n                    <\/div>\n        <div class=\"banner-layers container\">\n            <div class=\"fill banner-link\"><\/div>            \n   <div id=\"text-box-1605442251\" class=\"text-box banner-layer x50 md-x50 lg-x50 y50 md-y50 lg-y50 res-text\">\n                                <div class=\"text-box-content text dark\">\n              \n              <div class=\"text-inner text-center\">\n                  \n<div class=\"text-inner text-center\">\n<h3 class=\"uppercase\"><strong>THANH DO RECRUITMENT<\/strong><\/h3>\n<p>Thanh Do builds a professional working environment, transparent welfare regime, and talent treatment. If you are ready, welcome to THANH DO! We need you! <a class=\"button white is-outline lowercase\" href=\"#chonviec\" target=\"_self\" rel=\"noopener noreferrer\">Choose a job<\/a> <a class=\"button white is-outline lowercase\" href=\"#chinhsach\" target=\"_self\" rel=\"noopener noreferrer\">Policy<\/a> <a class=\"button white is-outline lowercase\" href=\"#quytrinh\" target=\"_self\" rel=\"noopener noreferrer\">Recruitment process<\/a> <a class=\"button white is-outline lowercase\" href=\"https:\/\/app.smartsheet.com\/b\/form\/b3eff13fcdae425283ac5be55a7519b9\" rel=\"noopener noreferrer\">APPLY NOW<\/a>  <\/div>\n              <\/div>\n           <\/div>\n                            \n<style>\n#text-box-1605442251 {\n  width: 60%;\n}\n#text-box-1605442251 .text-box-content {\n  font-size: 100%;\n}\n<\/style>\n    <\/div>\n \n        <\/div>\n      <\/div>\n\n            \n<style>\n#banner-2003185305 {\n  padding-top: 352px;\n}\n#banner-2003185305 .bg.bg-loaded {\n  background-image: url(https:\/\/thanhdosg.com\/wp-content\/uploads\/2019\/09\/thanh-do-tap-the-1400x498.jpg);\n}\n#banner-2003185305 .overlay {\n  background-color: rgba(0, 0, 0, 0.77);\n}\n#banner-2003185305 .bg {\n  background-position: 48% 54%;\n}\n<\/style>\n  <\/div>\n\n\n\t<section class=\"section\" id=\"section_119030523\">\n\t\t<div class=\"bg section-bg fill bg-fill  bg-loaded\" >\n\n\t\t\t\n\t\t\t<div class=\"section-bg-overlay absolute fill\"><\/div>\n\t\t\t\n\n\t\t<\/div>\n\n\t\t<div class=\"section-content relative\">\n\t\t\t\n<div class=\"row\"  id=\"row-1917719176\">\n\n\t<div id=\"col-132061957\" class=\"col small-12 large-12\"  >\n\t\t\t\t<div class=\"col-inner\"  >\n\t\t\t\n\t\t\t\n<div class=\"panel__header\"><span class=\"panel__arrow\">01<\/span><\/p>\n<h3>Head of Administration and Human Resources<\/h3>\n<p><span class=\"date\">Expires: 01\/05\/2023 <a style=\"border: solid 2px #f97e00; padding: 7px; margin-left: 20px; color: #d84601;\" href=\"\/truong-phong-hcns\">See details<\/a><i class=\"icon-angle-right\"><\/i> <\/span><\/div>\n<div class=\"panel__header\"><span class=\"panel__arrow\">02<\/span><\/p>\n<h3>General Accounting<\/h3>\n<p><span class=\"date\">Expires: 01\/05\/2023 <a style=\"border: solid 2px #f97e00; padding: 7px; margin-left: 20px; color: #d84601;\" href=\"https:\/\/thanhdosg.com\/tuyen-dung\/\">See details<\/a><i class=\"icon-angle-right\"><\/i> <\/span><\/div>\n<div class=\"panel__header\"><span class=\"panel__arrow\">03<\/span><\/p>\n<h3>Accounting and Payment (2 people)<\/h3>\n<p><span class=\"date\">Expires: 01\/05\/2023 <a style=\"border: solid 2px #f97e00; padding: 7px; margin-left: 20px; color: #d84601;\" href=\"https:\/\/thanhdosg.com\/tuyen-dung\/\">See details<\/a><i class=\"icon-angle-right\"><\/i> <\/span><\/div>\n<div class=\"panel__header\"><span class=\"panel__arrow\">04<\/span><\/p>\n<h3>Construction accounting (2 people)<\/h3>\n<p><span class=\"date\">Expires: 01\/05\/2023 <a style=\"border: solid 2px #f97e00; padding: 7px; margin-left: 20px; color: #d84601;\" href=\"https:\/\/thanhdosg.com\/tuyen-dung\/\">See details<\/a><i class=\"icon-angle-right\"><\/i> <\/span><\/div>\n\t\t<\/div>\n\t\t\t\t\t<\/div>\n\n\t\n<\/div>\n\t\t<\/div>\n\n\t\t\n<style>\n#section_119030523 {\n  padding-top: 30px;\n  padding-bottom: 30px;\n}\n#section_119030523 .section-bg-overlay {\n  background-color: rgb(244, 244, 244);\n}\n<\/style>\n\t<\/section>\n\t\n\n  <div class=\"banner has-hover hide-for-medium\" id=\"banner-1208839090\">\n          <div class=\"banner-inner fill\">\n        <div class=\"banner-bg fill\" >\n            <div class=\"bg fill bg-fill \"><\/div>\n                                    \n                    <\/div>\n        <div class=\"banner-layers container\">\n            <div class=\"fill banner-link\"><\/div>            \n   <div id=\"text-box-1022389996\" class=\"text-box banner-layer x0 md-x0 lg-x0 y0 md-y0 lg-y0 res-text\">\n                                <div class=\"text-box-content text \">\n              \n              <div class=\"text-inner text-left\">\n                  \n<div class=\"row hide-for-medium\"  id=\"row-2009868708\">\n\n\t<div id=\"col-2097588422\" class=\"col small-12 large-12\"  >\n\t\t\t\t<div class=\"col-inner\"  >\n\t\t\t\n\t\t\t\n<div class=\"text \">\n<div class=\"text-inner text-left\">\n<div class=\"gap-element\" style=\"display: block; height: auto; padding-top: 42px;\"><\/div>\n<h4 class=\"uppercase\" style=\"color: #027dc4;\">POLICY FOR EMPLOYEES<\/h4>\n<p>THANH DO pays great attention to remuneration policies and cares about the lives of employees with the motto of creating a &#8220;materially rich and spiritually rich&#8221; life for employees.<\/p>\n<div id=\"row-1176106440\" class=\"row\">\n<div class=\"col small-12 large-12\">\n<div class=\"col-inner\"><span class=\"scroll-to\" data-label=\"Scroll to: #chinhsach\" data-bullet=\"false\" data-link=\"#chinhsach\" data-title=\"\"><a name=\"chinhsach\"><\/a><\/span><\/p>\n<div class=\"tabbed-content\">\n<ul class=\"nav nav-pills nav-uppercase nav-size-normal nav-center\">\n<li class=\"tab active has-icon\"><a href=\"#tab_h%E1%BB%87-th%E1%BB%91ng-%C4%91%C3%A3i-ng%E1%BB%99\"><a href=\"#tab_h%E1%BB%87-th%E1%BB%91ng-%C4%91%C3%A3i-ng%E1%BB%99\">Remuneration policy<\/a><\/a><\/li>\n<li class=\"tab has-icon\"><a href=\"#tab_ch%C6%B0%C6%A1ng-tr%C3%ACnh-%C4%91%C3%A0o-t%E1%BA%A1o\"><a href=\"#tab_ch%C6%B0%C6%A1ng-tr%C3%ACnh-%C4%91%C3%A0o-t%E1%BA%A1o\">Training solutions<\/a><\/a><\/li>\n<li class=\"tab has-icon\"><a href=\"#tab_ti%C3%AAu-ch%C3%AD-%C4%91%C3%A1nh-gi%C3%A1\"><a href=\"#tab_ti%C3%AAu-ch%C3%AD-%C4%91%C3%A1nh-gi%C3%A1\">Evaluation program<\/a><\/a><\/li>\n<\/ul>\n<div class=\"tab-panels\">\n<div id=\"tab_h\u1ec7-th\u1ed1ng-\u0111\u00e3i-ng\u1ed9\" class=\"panel active\">\n<ul>\n<li class=\"bullet-arrow\">Salary: Production and business salary (12 months);<\/li>\n<li class=\"bullet-arrow\">13th month salary bonus;<\/li>\n<li class=\"bullet-arrow\">Allowances: including travel allowance, mobile phone bill, part-time work;<\/li>\n<li class=\"bullet-arrow\">Special benefits for staff working on remote projects: including support for meals, accommodation, periodic leave, mobile phone charges, and part-time work;<\/li>\n<li class=\"bullet-arrow\">Bonuses based on business performance and project\/job performance achievements;<\/li>\n<li class=\"bullet-arrow\">Periodic health check-ups, annual vacation benefits, gifts for birthdays, holidays, sickness&#8230;<\/li>\n<li class=\"bullet-arrow\">Social benefits: Social insurance\/health\/unemployment\u2026<\/li>\n<\/ul>\n<\/div>\n<div id=\"tab_ch\u01b0\u01a1ng-tr\u00ecnh-\u0111\u00e0o-t\u1ea1o\" class=\"panel\">\n<ul>\n<li class=\"bullet-arrow\">Training for newly graduated engineers in accordance with their abilities and personal development direction.<\/li>\n<li class=\"bullet-arrow\">Nurturing the next team of leaders<\/li>\n<li class=\"bullet-arrow\">Retraining for each specialty is associated with regulations on rotation time between working positions.<\/li>\n<\/ul>\n<\/div>\n<div id=\"tab_ti\u00eau-ch\u00ed-\u0111\u00e1nh-gi\u00e1\" class=\"panel\">\n<ul>\n<li class=\"bullet-arrow\">Commensurate with work results and contribution value to THANH DO<\/li>\n<li class=\"bullet-arrow\">Competing by market;<\/li>\n<li class=\"bullet-arrow\">Encourage increased results and work quality<\/li>\n<li class=\"bullet-arrow\">Fairness and transparency.<\/li>\n<\/ul>\n<\/div>\n<\/div>\n<\/div>\n<\/div>\n<\/div>\n<\/div>\n<\/div>\n<\/div>\n\t\t<\/div>\n\t\t\t\t\t<\/div>\n\n\t\n<\/div>\n              <\/div>\n           <\/div>\n                            \n<style>\n#text-box-1022389996 {\n  width: 64%;\n}\n#text-box-1022389996 .text-box-content {\n  font-size: 100%;\n}\n<\/style>\n    <\/div>\n \n        <\/div>\n      <\/div>\n\n              <div class=\"height-fix is-invisible\"><img loading=\"lazy\" decoding=\"async\" width=\"961\" height=\"539\" src=\"https:\/\/thanhdosg.com\/wp-content\/uploads\/2019\/09\/benh-vien-12-hcm-960-540-2.jpg\" class=\"attachment-large size-large\" alt=\"\" srcset=\"https:\/\/thanhdosg.com\/wp-content\/uploads\/2019\/09\/benh-vien-12-hcm-960-540-2.jpg 961w, https:\/\/thanhdosg.com\/wp-content\/uploads\/2019\/09\/benh-vien-12-hcm-960-540-2-713x400.jpg 713w, https:\/\/thanhdosg.com\/wp-content\/uploads\/2019\/09\/benh-vien-12-hcm-960-540-2-768x431.jpg 768w\" sizes=\"auto, (max-width: 961px) 100vw, 961px\" \/><\/div>\n            \n<style>\n#banner-1208839090 .bg.bg-loaded {\n  background-image: url(https:\/\/thanhdosg.com\/wp-content\/uploads\/2019\/09\/benh-vien-12-hcm-960-540-2.jpg);\n}\n<\/style>\n  <\/div>\n\n\n<div class=\"row show-for-medium\"  id=\"row-1820820253\">\n\n\t<div id=\"col-1245885755\" class=\"col small-12 large-12\"  >\n\t\t\t\t<div class=\"col-inner\"  >\n\t\t\t\n\t\t\t\n<div class=\"tabbed-content\">\n<h4 class=\"uppercase\" style=\"color: #027dc4;\">POLICY FOR EMPLOYEES<\/h4>\n<p>Thanh Do pays great attention to remuneration policies and cares about the lives of employees with the motto of creating a &#8220;materially rich and spiritually rich&#8221; life for employees.<\/p>\n<ul class=\"nav nav-pills nav-uppercase nav-size-normal nav-center\">\n<li class=\"tab active has-icon\"><a href=\"#tab_h%E1%BB%87-th%E1%BB%91ng-%C4%91%C3%A3i-ng%E1%BB%99\"><a href=\"#tab_h%E1%BB%87-th%E1%BB%91ng-%C4%91%C3%A3i-ng%E1%BB%99\">Remuneration system<\/a><\/a><\/li>\n<li class=\"tab has-icon\"><a href=\"#tab_ch%C6%B0%C6%A1ng-tr%C3%ACnh-%C4%91%C3%A0o-t%E1%BA%A1o\"><a href=\"#tab_ch%C6%B0%C6%A1ng-tr%C3%ACnh-%C4%91%C3%A0o-t%E1%BA%A1o\">Training program<\/a><\/a><\/li>\n<li class=\"tab has-icon\"><a href=\"#tab_ti%C3%AAu-ch%C3%AD-%C4%91%C3%A1nh-gi%C3%A1\"><a href=\"#tab_ti%C3%AAu-ch%C3%AD-%C4%91%C3%A1nh-gi%C3%A1\">Evaluation criteria<\/a><\/a><\/li>\n<\/ul>\n<div class=\"tab-panels\">\n<div id=\"tab_h\u1ec7-th\u1ed1ng-\u0111\u00e3i-ng\u1ed9\" class=\"panel active\">\n<ul>\n<li class=\"bullet-arrow\">Salary: Production and business salary (12 months);<\/li>\n<li class=\"bullet-arrow\">13th month salary bonus;<\/li>\n<li class=\"bullet-arrow\">Allowances: including travel allowance, mobile phone bill, part-time work;<\/li>\n<li class=\"bullet-arrow\">Special benefits for staff working on remote projects: including support for meals, accommodation, periodic leave, mobile phone charges, and part-time work;<\/li>\n<li class=\"bullet-arrow\">Bonuses based on business performance and project\/job performance achievements;<\/li>\n<li class=\"bullet-arrow\">Periodic health check-ups, annual vacation benefits, gifts for birthdays, holidays, sickness&#8230;<\/li>\n<li class=\"bullet-arrow\">Social benefits: Social insurance\/health\/unemployment\u2026<\/li>\n<\/ul>\n<\/div>\n<div id=\"tab_ch\u01b0\u01a1ng-tr\u00ecnh-\u0111\u00e0o-t\u1ea1o\" class=\"panel\">\n<ul>\n<li class=\"bullet-arrow\">Training for newly graduated engineers in accordance with their abilities and personal development direction.<\/li>\n<li class=\"bullet-arrow\">Nurturing the next team of leaders<\/li>\n<li class=\"bullet-arrow\">Retraining for each specialty is associated with regulations on rotation time between working positions.<\/li>\n<\/ul>\n<\/div>\n<div id=\"tab_ti\u00eau-ch\u00ed-\u0111\u00e1nh-gi\u00e1\" class=\"panel\">\n<ul>\n<li class=\"bullet-arrow\">Commensurate with work results and contribution value to Thanh Do<\/li>\n<li class=\"bullet-arrow\">Competing by market;<\/li>\n<li class=\"bullet-arrow\">Encourage increased results and work quality<\/li>\n<li class=\"bullet-arrow\">Fairness and transparency.<\/li>\n<\/ul>\n<\/div>\n<\/div>\n<\/div>\n\t\t<\/div>\n\t\t\t\t\t<\/div>\n\n\t\n<\/div>\n\t<div id=\"gap-1271789418\" class=\"gap-element clearfix\" style=\"display:block; height:auto;\">\n\t\t\n<style>\n#gap-1271789418 {\n  padding-top: 30px;\n}\n<\/style>\n\t<\/div>\n\t\n","protected":false},"excerpt":{"rendered":"","protected":false},"author":1,"featured_media":0,"parent":0,"menu_order":0,"comment_status":"closed","ping_status":"closed","template":"page-blank.php","meta":{"footnotes":""},"class_list":["post-2272","page","type-page","status-publish","hentry"],"_links":{"self":[{"href":"https:\/\/thanhdosg.com\/en\/wp-json\/wp\/v2\/pages\/2272","targetHints":{"allow":["GET"]}}],"collection":[{"href":"https:\/\/thanhdosg.com\/en\/wp-json\/wp\/v2\/pages"}],"about":[{"href":"https:\/\/thanhdosg.com\/en\/wp-json\/wp\/v2\/types\/page"}],"author":[{"embeddable":true,"href":"https:\/\/thanhdosg.com\/en\/wp-json\/wp\/v2\/users\/1"}],"replies":[{"embeddable":true,"href":"https:\/\/thanhdosg.com\/en\/wp-json\/wp\/v2\/comments?post=2272"}],"version-history":[{"count":0,"href":"https:\/\/thanhdosg.com\/en\/wp-json\/wp\/v2\/pages\/2272\/revisions"}],"wp:attachment":[{"href":"https:\/\/thanhdosg.com\/en\/wp-json\/wp\/v2\/media?parent=2272"}],"curies":[{"name":"wp","href":"https:\/\/api.w.org\/{rel}","templated":true}]}}