{"id":2252,"date":"2019-06-16T12:08:31","date_gmt":"2019-06-16T05:08:31","guid":{"rendered":"https:\/\/thanhdosg.com\/gallery\/"},"modified":"2019-06-16T12:08:31","modified_gmt":"2019-06-16T05:08:31","slug":"gallery","status":"publish","type":"page","link":"https:\/\/thanhdosg.com\/en\/gallery\/","title":{"rendered":"Gallery"},"content":{"rendered":"<h1 style=\"text-align: center;\">20 YEARS OF GROWTH &amp; DEVELOPMENT<\/h1>\n<p>&nbsp;<\/p>\n<div class=\"row\"  id=\"row-421298819\">\n\n\t<div id=\"col-224860027\" class=\"col medium-4 small-12 large-4\"  >\n\t\t\t\t<div class=\"col-inner\"  >\n\t\t\t\n\t\t\t\n<div class=\"video video-fit mb\" style=\"padding-top:56.25%;\"><p><iframe loading=\"lazy\" title=\"C\u00f4ng ty Th\u00e0nh \u0110\u00f4 trao qu\u00e0 T\u1ebft 2017\" width=\"1020\" height=\"574\" src=\"https:\/\/www.youtube.com\/embed\/sSYgzasTEQY?feature=oembed\" frameborder=\"0\" allow=\"accelerometer; autoplay; clipboard-write; encrypted-media; gyroscope; picture-in-picture; web-share\" referrerpolicy=\"strict-origin-when-cross-origin\" allowfullscreen><\/iframe><\/p>\n<\/div>\n\t\t<\/div>\n\t\t\t\t\t<\/div>\n\n\t\n\n\t<div id=\"col-1282685017\" class=\"col medium-4 small-12 large-4\"  >\n\t\t\t\t<div class=\"col-inner\"  >\n\t\t\t\n\t\t\t\n<div class=\"video video-fit mb\" style=\"padding-top:56.25%;\"><p><iframe loading=\"lazy\" title=\"Ph\u00f3ng s\u1ef1 15 n\u0103m th\u00e0nh l\u1eadp Th\u00e0nh \u0110\u00f4 Group\" width=\"1020\" height=\"574\" src=\"https:\/\/www.youtube.com\/embed\/a4ubBxOgBZQ?start=27&#038;feature=oembed\" frameborder=\"0\" allow=\"accelerometer; autoplay; clipboard-write; encrypted-media; gyroscope; picture-in-picture; web-share\" referrerpolicy=\"strict-origin-when-cross-origin\" allowfullscreen><\/iframe><\/p>\n<\/div>\n\t\t<\/div>\n\t\t\t\t\t<\/div>\n\n\t\n\n\t<div id=\"col-56809321\" class=\"col medium-4 small-12 large-4\"  >\n\t\t\t\t<div class=\"col-inner\"  >\n\t\t\t\n\t\t\t\n<div class=\"video video-fit mb\" style=\"padding-top:56.25%;\"><p><iframe loading=\"lazy\" title=\"Th\u00e0nh \u0110\u00f4 Group - Khu Du L\u1ecbch Sinh Th\u00e1i - TH\u00c0NH \u0110\u00d4 AN GIANG\" width=\"1020\" height=\"574\" src=\"https:\/\/www.youtube.com\/embed\/MJzscGgKNJM?start=1&#038;feature=oembed\" frameborder=\"0\" allow=\"accelerometer; autoplay; clipboard-write; encrypted-media; gyroscope; picture-in-picture; web-share\" referrerpolicy=\"strict-origin-when-cross-origin\" allowfullscreen><\/iframe><\/p>\n<\/div>\n\t\t<\/div>\n\t\t\t\t\t<\/div>\n\n\t\n<\/div>\n<div class=\"row\"  id=\"row-2051922704\">\n\n\t<div id=\"col-1891088656\" class=\"col medium-4 small-12 large-4\"  >\n\t\t\t\t<div class=\"col-inner\"  >\n\t\t\t\n\t\t\t\n<div class=\"video video-fit mb\" style=\"padding-top:56.25%;\"><p><iframe loading=\"lazy\" title=\"Gi\u1edbi thi\u1ec7u CTY CP XD TTNT TH\u00c0NH \u0110\u00d4\" width=\"1020\" height=\"765\" src=\"https:\/\/www.youtube.com\/embed\/LcRQJGbEuG8?start=80&#038;feature=oembed\" frameborder=\"0\" allow=\"accelerometer; autoplay; clipboard-write; encrypted-media; gyroscope; picture-in-picture; web-share\" referrerpolicy=\"strict-origin-when-cross-origin\" allowfullscreen><\/iframe><\/p>\n<\/div>\n\t\t<\/div>\n\t\t\t\t\t<\/div>\n\n\t\n\n\t<div id=\"col-1119741115\" class=\"col medium-4 small-12 large-4\"  >\n\t\t\t\t<div class=\"col-inner\"  >\n\t\t\t\n\t\t\t\n<div class=\"video video-fit mb\" style=\"padding-top:56.25%;\"><p><iframe loading=\"lazy\" title=\"Ch\u00fac m\u1eebng sinh nh\u1eadt \u00f4ng Ph\u1ea1m Qu\u1ed1c Tr\u00ed - Ch\u1ee7 t\u1ecbch H\u0110QT ki\u1ec3m T\u1ed5ng Gi\u00e1m \u0111\u1ed1c Th\u00e0nh \u0110\u00f4 Group!\" width=\"1020\" height=\"574\" src=\"https:\/\/www.youtube.com\/embed\/QSkyB3Bnh5c?start=49&#038;feature=oembed\" frameborder=\"0\" allow=\"accelerometer; autoplay; clipboard-write; encrypted-media; gyroscope; picture-in-picture; web-share\" referrerpolicy=\"strict-origin-when-cross-origin\" allowfullscreen><\/iframe><\/p>\n<\/div>\n\t\t<\/div>\n\t\t\t\t\t<\/div>\n\n\t\n\n\t<div id=\"col-1750881314\" class=\"col medium-4 small-12 large-4\"  >\n\t\t\t\t<div class=\"col-inner\"  >\n\t\t\t\n\t\t\t\n<div class=\"video video-fit mb\" style=\"padding-top:56.25%;\"><p><iframe loading=\"lazy\" title=\"Ti\u1ec7c sinh nh\u1eadt S\u1ebfp Tr\u00ed 2019\" width=\"1020\" height=\"574\" src=\"https:\/\/www.youtube.com\/embed\/LcmdVib3ghQ?feature=oembed\" frameborder=\"0\" allow=\"accelerometer; autoplay; clipboard-write; encrypted-media; gyroscope; picture-in-picture; web-share\" referrerpolicy=\"strict-origin-when-cross-origin\" allowfullscreen><\/iframe><\/p>\n<\/div>\n\t\t<\/div>\n\t\t\t\t\t<\/div>\n\n\t\n<\/div>\n<div class=\"row\"  id=\"row-551376755\">\n\n\t<div id=\"col-76825047\" class=\"col medium-4 small-12 large-4\"  >\n\t\t\t\t<div class=\"col-inner\"  >\n\t\t\t\n\t\t\t\n<div class=\"video video-fit mb\" style=\"padding-top:56.25%;\"><p><iframe loading=\"lazy\" title=\"Th\u00e0nh \u0110\u00f4 Group T\u1ed5 ch\u1ee9c l\u1ec5 T\u1ed5ng k\u1ebft SXKD 2016\" width=\"1020\" height=\"574\" src=\"https:\/\/www.youtube.com\/embed\/_-fpMbSqr7c?feature=oembed\" frameborder=\"0\" allow=\"accelerometer; autoplay; clipboard-write; encrypted-media; gyroscope; picture-in-picture; web-share\" referrerpolicy=\"strict-origin-when-cross-origin\" allowfullscreen><\/iframe><\/p>\n<\/div>\n<div class=\"video video-fit mb\" style=\"padding-top:56.25%;\"><p>https:\/\/www.youtube.com\/watch?v=QzYoc_WMEWM<\/p>\n<\/div>\n<div class=\"video video-fit mb\" style=\"padding-top:56.25%;\"><p><iframe loading=\"lazy\" title=\"Kh\u1edfi c\u00f4ng c\u00f4ng tr\u00ecnh B\u1ec7nh vi\u1ec7n S\u1ea3n - Nhi An Giang giai \u0111o\u1ea1n II\" width=\"1020\" height=\"574\" src=\"https:\/\/www.youtube.com\/embed\/8EIDZwC4Yl8?feature=oembed\" frameborder=\"0\" allow=\"accelerometer; autoplay; clipboard-write; encrypted-media; gyroscope; picture-in-picture; web-share\" referrerpolicy=\"strict-origin-when-cross-origin\" allowfullscreen><\/iframe><\/p>\n<\/div>\n\t\t<\/div>\n\t\t\t\t\t<\/div>\n\n\t\n\n\t<div id=\"col-91744869\" class=\"col medium-4 small-12 large-4\"  >\n\t\t\t\t<div class=\"col-inner\"  >\n\t\t\t\n\t\t\t\n<div class=\"video video-fit mb\" style=\"padding-top:56.25%;\"><p><iframe loading=\"lazy\" title=\"C\u00f4ng Ty Th\u00e0nh \u0110\u00f4 - Phim t\u1ef1 gi\u1edbi thi\u1ec7u - H\u1ed3 s\u01a1 n\u0103ng l\u1ef1c Cty\" width=\"1020\" height=\"574\" src=\"https:\/\/www.youtube.com\/embed\/PrbPDjvj3xs?start=5&#038;feature=oembed\" frameborder=\"0\" allow=\"accelerometer; autoplay; clipboard-write; encrypted-media; gyroscope; picture-in-picture; web-share\" referrerpolicy=\"strict-origin-when-cross-origin\" allowfullscreen><\/iframe><\/p>\n<\/div>\n<div class=\"video video-fit mb\" style=\"padding-top:56.25%;\"><p><iframe loading=\"lazy\" title=\"Sinh nh\u1eadt s\u1ebfp Tr\u00ed 15-07-2022\" width=\"1020\" height=\"574\" src=\"https:\/\/www.youtube.com\/embed\/K58I3-5cLrw?feature=oembed\" frameborder=\"0\" allow=\"accelerometer; autoplay; clipboard-write; encrypted-media; gyroscope; picture-in-picture; web-share\" referrerpolicy=\"strict-origin-when-cross-origin\" allowfullscreen><\/iframe><\/p>\n<\/div>\n<div class=\"video video-fit mb\" style=\"padding-top:56.25%;\"><p><iframe loading=\"lazy\" title=\"Th\u00e0nh \u0110\u00f4 Group: K\u1ebft qu\u1ea3 ho\u1ea1t \u0111\u1ed9ng kinh doanh n\u0103m 2020\" width=\"1020\" height=\"574\" src=\"https:\/\/www.youtube.com\/embed\/VOWWjOKQi1g?feature=oembed\" frameborder=\"0\" allow=\"accelerometer; autoplay; clipboard-write; encrypted-media; gyroscope; picture-in-picture; web-share\" referrerpolicy=\"strict-origin-when-cross-origin\" allowfullscreen><\/iframe><\/p>\n<\/div>\n\t\t<\/div>\n\t\t\t\t\t<\/div>\n\n\t\n\n\t<div id=\"col-1676919563\" class=\"col medium-4 small-12 large-4\"  >\n\t\t\t\t<div class=\"col-inner\"  >\n\t\t\t\n\t\t\t\n<div class=\"video video-fit mb\" style=\"padding-top:56.25%;\"><p><iframe loading=\"lazy\" title=\"C\u00f4ng Ty Th\u00e0nh \u0110\u00f4 - T\u1ed5ng k\u1ebft ho\u1ea1t \u0111\u1ed9ng SX v\u00e0 Kinh Doanh n\u0103m 2015\" width=\"1020\" height=\"574\" src=\"https:\/\/www.youtube.com\/embed\/rt_kU6RfSx0?start=15&#038;feature=oembed\" frameborder=\"0\" allow=\"accelerometer; autoplay; clipboard-write; encrypted-media; gyroscope; picture-in-picture; web-share\" referrerpolicy=\"strict-origin-when-cross-origin\" allowfullscreen><\/iframe><\/p>\n<\/div>\n<div class=\"video video-fit mb\" style=\"padding-top:56.25%;\"><p><iframe loading=\"lazy\" title=\"Khu \u0111\u00f4 th\u1ecb du l\u1ecbch - th\u01b0\u01a1ng m\u1ea1i - d\u1ecbch v\u1ee5 M\u1ef9 Thu\u1eadn\" width=\"1020\" height=\"574\" src=\"https:\/\/www.youtube.com\/embed\/SWTyjgoYqDQ?feature=oembed\" frameborder=\"0\" allow=\"accelerometer; autoplay; clipboard-write; encrypted-media; gyroscope; picture-in-picture; web-share\" referrerpolicy=\"strict-origin-when-cross-origin\" allowfullscreen><\/iframe><\/p>\n<\/div>\n<div class=\"video video-fit mb\" style=\"padding-top:56.25%;\"><p><iframe loading=\"lazy\" title=\"KH\u1edeI C\u00d4NG B\u1ec6NH VI\u1ec6N Y H\u1eccC C\u1ed4 TRUY\u1ec0N AN GIANG\" width=\"1020\" height=\"574\" src=\"https:\/\/www.youtube.com\/embed\/oedyq0HAhxY?feature=oembed\" frameborder=\"0\" allow=\"accelerometer; autoplay; clipboard-write; encrypted-media; gyroscope; picture-in-picture; web-share\" referrerpolicy=\"strict-origin-when-cross-origin\" allowfullscreen><\/iframe><\/p>\n<\/div>\n\t\t<\/div>\n\t\t\t\t\t<\/div>\n\n\t\n<\/div>\n","protected":false},"excerpt":{"rendered":"<p>20 YEARS OF GROWTH &amp; DEVELOPMENT &nbsp;<\/p>\n","protected":false},"author":1,"featured_media":0,"parent":0,"menu_order":0,"comment_status":"closed","ping_status":"closed","template":"","meta":{"footnotes":""},"class_list":["post-2252","page","type-page","status-publish","hentry"],"_links":{"self":[{"href":"https:\/\/thanhdosg.com\/en\/wp-json\/wp\/v2\/pages\/2252","targetHints":{"allow":["GET"]}}],"collection":[{"href":"https:\/\/thanhdosg.com\/en\/wp-json\/wp\/v2\/pages"}],"about":[{"href":"https:\/\/thanhdosg.com\/en\/wp-json\/wp\/v2\/types\/page"}],"author":[{"embeddable":true,"href":"https:\/\/thanhdosg.com\/en\/wp-json\/wp\/v2\/users\/1"}],"replies":[{"embeddable":true,"href":"https:\/\/thanhdosg.com\/en\/wp-json\/wp\/v2\/comments?post=2252"}],"version-history":[{"count":0,"href":"https:\/\/thanhdosg.com\/en\/wp-json\/wp\/v2\/pages\/2252\/revisions"}],"wp:attachment":[{"href":"https:\/\/thanhdosg.com\/en\/wp-json\/wp\/v2\/media?parent=2252"}],"curies":[{"name":"wp","href":"https:\/\/api.w.org\/{rel}","templated":true}]}}